

{"id":1212,"date":"2025-04-08T04:32:51","date_gmt":"2025-04-08T04:32:51","guid":{"rendered":"https:\/\/loragaleva.com\/avviso-legale\/"},"modified":"2025-04-08T04:32:51","modified_gmt":"2025-04-08T04:32:51","slug":"avviso-legale","status":"publish","type":"page","link":"https:\/\/loragaleva.com\/it\/avviso-legale\/","title":{"rendered":"Avviso legale"},"content":{"rendered":"[vc_row type=&#8221;in_container&#8221; full_screen_row_position=&#8221;middle&#8221; column_margin=&#8221;default&#8221; column_direction=&#8221;default&#8221; column_direction_tablet=&#8221;default&#8221; column_direction_phone=&#8221;default&#8221; scene_position=&#8221;center&#8221; top_padding=&#8221;6%&#8221; bottom_padding=&#8221;3%&#8221; text_color=&#8221;dark&#8221; text_align=&#8221;left&#8221; row_border_radius=&#8221;none&#8221; row_border_radius_applies=&#8221;bg&#8221; overflow=&#8221;visible&#8221; advanced_gradient_angle=&#8221;0&#8243; overlay_strength=&#8221;0.3&#8243; gradient_direction=&#8221;left_to_right&#8221; shape_divider_position=&#8221;bottom&#8221; bg_image_animation=&#8221;none&#8221; gradient_type=&#8221;default&#8221; shape_type=&#8221;&#8221;][vc_column column_padding=&#8221;no-extra-padding&#8221; column_padding_tablet=&#8221;inherit&#8221; column_padding_phone=&#8221;inherit&#8221; column_padding_position=&#8221;all&#8221; column_element_direction_desktop=&#8221;default&#8221; column_element_spacing=&#8221;default&#8221; desktop_text_alignment=&#8221;default&#8221; tablet_text_alignment=&#8221;default&#8221; phone_text_alignment=&#8221;default&#8221; background_color_opacity=&#8221;1&#8243; background_hover_color_opacity=&#8221;1&#8243; column_backdrop_filter=&#8221;none&#8221; column_shadow=&#8221;none&#8221; column_border_radius=&#8221;none&#8221; column_link_target=&#8221;_self&#8221; column_position=&#8221;default&#8221; gradient_direction=&#8221;left_to_right&#8221; overlay_strength=&#8221;0.3&#8243; width=&#8221;1\/1&#8243; tablet_width_inherit=&#8221;default&#8221; animation_type=&#8221;default&#8221; bg_image_animation=&#8221;none&#8221; border_type=&#8221;simple&#8221; column_border_width=&#8221;none&#8221; column_border_style=&#8221;solid&#8221;][vc_column_text]\n<h1>Avviso legale<\/h1>\n[\/vc_column_text][divider line_type=&#8221;Small Line&#8221; line_alignment=&#8221;default&#8221; line_thickness=&#8221;2&#8243; divider_color=&#8221;extra-color-gradient-1&#8243; custom_height=&#8221;50&#8243;][vc_column_text]\n<h3>Legge sui servizi della societ\u00e0 dell&#8217;informazione (LSSI)<\/h3>\n<p>LORA GUEORGUIEVA GALEVA, responsabile del sito web, di seguito RESPONSABILE, mette a disposizione degli utenti il presente documento, con il quale intende adempiere agli obblighi previsti dalla Legge 34\/2002, dell&#8217;11 luglio, sui Servizi della Societ\u00e0 dell&#8217;Informazione e del Commercio Elettronico (LSSICE), BOE n. 166, nonch\u00e9 informare tutti gli utenti del sito web in merito alle condizioni di utilizzo.<\/p>\n<p>Chiunque acceda a questo sito web assume il ruolo di utente, impegnandosi all&#8217;osservanza e al rigoroso rispetto delle disposizioni qui riportate, nonch\u00e9 di qualsiasi altra disposizione legale applicabile.<\/p>\n<p>LORA GUEORGUIEVA GALEVA si riserva il diritto di modificare qualsiasi tipo di informazione che possa apparire sul sito web, senza alcun obbligo di preavviso o di informazione agli utenti, intendendo come sufficiente la pubblicazione sul sito web di LORA GUEORGUIEVA GALEVA.<\/p>\n<h4>1. DATI DI IDENTIFICAZIONE<\/h4>\n<p>Nome di dominio: loragaleva.com<br \/>\nNome commerciale: LORA GALEVA<br \/>\nNome dell&#8217;azienda: LORA GUEORGUIEVA GALEVA<br \/>\nPARTITA IVA: 47471485Z<br \/>\ne-mail: hello@loragaleva.com<\/p>\n<h4>2. DIRITTI DI PROPRIET\u00c0 INTELLETTUALE E INDUSTRIALE<\/h4>\n<p>Il sito web, compresi, a titolo esemplificativo e non esaustivo, la programmazione, l&#8217;editing, la compilazione e gli altri elementi necessari al suo funzionamento, i disegni, i loghi, i testi e\/o la grafica, sono di propriet\u00e0 della PARTE RESPONSABILE o, se del caso, dispone di una licenza o di un&#8217;autorizzazione espressa da parte degli autori. Tutti i contenuti del sito web sono debitamente protetti dalle norme sulla propriet\u00e0 intellettuale e industriale e sono registrati nei corrispondenti registri pubblici.<\/p>\n<p>Indipendentemente dallo scopo per cui sono stati concepiti, la riproduzione totale o parziale, l&#8217;uso, lo sfruttamento, la distribuzione e la commercializzazione, in ogni caso, richiedono la preventiva autorizzazione scritta della PARTE RESPONSABILE. Qualsiasi utilizzo non autorizzato \u00e8 considerato una grave violazione dei diritti di propriet\u00e0 intellettuale o industriale dell&#8217;autore.<\/p>\n<p>I disegni, i loghi, i testi e\/o i grafici che non appartengono al RESPONSABILE e che possono apparire sul sito web appartengono ai rispettivi proprietari, i quali sono responsabili di ogni eventuale controversia che possa sorgere in merito. Il RESPONSABILE autorizza espressamente i terzi a reindirizzare direttamente ai contenuti specifici del sito web, e in ogni caso a reindirizzare al sito principale di loragaleva.com.<\/p>\n<p>Il RESPONSABILE riconosce i relativi diritti di propriet\u00e0 intellettuale e industriale a favore dei loro proprietari e la loro semplice menzione o apparizione sul sito web non implica l&#8217;esistenza di alcun diritto o responsabilit\u00e0 su di essi, n\u00e9 alcun avallo, sponsorizzazione o raccomandazione da parte dello stesso.<\/p>\n<p>Per inviare commenti relativi a possibili violazioni dei diritti di propriet\u00e0 intellettuale o industriale, nonch\u00e9 a qualsiasi contenuto del sito web, puoi farlo inviando un&#8217;e-mail a hello@loragaleva.com.<\/p>\n<h4>3. ESENZIONE DI RESPONSABILIT\u00c0<\/h4>\n<p>Il RESPONSABILE declina ogni responsabilit\u00e0 per le informazioni pubblicate sul suo sito web, a condizione che tali informazioni siano state manipolate o introdotte da una terza parte esterna allo stesso.<\/p>\n<p><strong>Utilizzo dei cookie<\/strong><\/p>\n<p>Questo sito web pu\u00f2 utilizzare cookie tecnici (piccoli file di informazioni che il server invia al computer della persona che accede alla pagina) per svolgere alcune funzioni ritenute essenziali per il corretto funzionamento e la visualizzazione del sito. I cookie utilizzati sono, in ogni caso, di natura temporanea, con l&#8217;unico scopo di rendere pi\u00f9 efficiente la navigazione, e scompaiono al termine della sessione dell&#8217;utente. In nessun caso questi cookie forniscono dati personali e non saranno utilizzati per raccogliere tali dati.<\/p>\n<p>Attraverso l&#8217;uso dei cookie \u00e8 inoltre possibile che il server in cui si trova il sito riconosca il browser utilizzato dall&#8217;utente per facilitare la navigazione, consentendo, ad esempio, agli utenti che si sono precedentemente registrati di accedere ad aree, servizi, promozioni o concorsi riservati esclusivamente a loro senza doversi registrare ad ogni visita. Possono anche essere utilizzati per misurare l&#8217;audience, i parametri di traffico, controllare l&#8217;andamento e il numero delle iscrizioni, ecc. Questo sito web non installer\u00e0 cookie dispensabili senza il preventivo consenso dell&#8217;utente.<\/p>\n<p>Questo sito web utilizza cookie propri e di terze parti per scopi analitici e per mostrarti pubblicit\u00e0 personalizzata basata su un profilo delle tue abitudini di navigazione (ad esempio, le pagine visitate). Tutti gli utenti che visitano il sito web sono informati dell&#8217;utilizzo di questi cookie tramite un banner fluttuante. Se accetti il loro utilizzo, il banner scomparir\u00e0, ma puoi revocare il tuo consenso in qualsiasi momento e ottenere maggiori informazioni consultando la nostra Informativa sui cookie.<\/p>\n<p>L&#8217;utente ha la possibilit\u00e0 di configurare il proprio browser in modo da essere avvisato della ricezione dei cookie e di impedirne l&#8217;installazione sul proprio dispositivo. Per maggiori informazioni, consulta le istruzioni del tuo browser.<\/p>\n<p><strong>Politica di collegamento<\/strong><\/p>\n<p>Dal sito web, potresti essere reindirizzato a contenuti di siti web di terzi. Poich\u00e9 il RESPONSABILE non pu\u00f2 sempre controllare i contenuti pubblicati da terzi sui rispettivi siti web, il RESPONSABILE non si assume alcuna responsabilit\u00e0 per tali contenuti. In ogni caso, rimuover\u00e0 immediatamente qualsiasi contenuto che possa contravvenire alla legislazione nazionale o internazionale, alla morale o all&#8217;ordine pubblico, eliminando immediatamente il reindirizzamento a tale sito web e informando le autorit\u00e0 competenti del contenuto in questione.<\/p>\n<p>Il RESPONSABILE non \u00e8 responsabile delle informazioni e dei contenuti memorizzati, a titolo esemplificativo e non esaustivo, in forum, chat, blog generatori, commenti, social network o qualsiasi altro mezzo che consenta a terzi di pubblicare contenuti in modo indipendente sul sito web del RESPONSABILE. Tuttavia, in conformit\u00e0 con le disposizioni degli articoli 11 e 16 della LSSICE, si mette a disposizione di tutti gli utenti, delle autorit\u00e0 e delle forze di sicurezza, collaborando attivamente alla rimozione o, se del caso, al blocco di tutti i contenuti che possano pregiudicare o contravvenire alla legislazione nazionale o internazionale, ai diritti di terzi o alla morale e all&#8217;ordine pubblico. Nel caso in cui l&#8217;utente ritenga che sul sito web siano presenti contenuti suscettibili di questa classificazione, \u00e8 pregato di comunicarlo immediatamente all&#8217;amministratore del sito.<\/p>\n<p>Questo sito web \u00e8 stato revisionato e testato per garantirne il corretto funzionamento. In linea di massima, il corretto funzionamento pu\u00f2 essere garantito 365 giorni all&#8217;anno, 24 ore al giorno. Tuttavia, il RESPONSABILE non esclude la possibilit\u00e0 che si verifichino alcuni errori di programmazione o che si verifichino cause di forza maggiore, disastri naturali, scioperi o circostanze simili che rendano impossibile l&#8217;accesso al sito web.<\/p>\n<p><strong>Indirizzi IP<\/strong><\/p>\n<p>I server del sito web possono rilevare automaticamente l&#8217;indirizzo IP e il nome di dominio utilizzati dall&#8217;utente. Un indirizzo IP \u00e8 un numero assegnato automaticamente a un computer quando si connette a Internet. Tutte queste informazioni vengono registrate in un file di attivit\u00e0 del server che consente di elaborare ulteriormente i dati per ottenere misurazioni puramente statistiche del numero di impressioni della pagina, del numero di visite effettuate ai server web, dell&#8217;ordine delle visite, del punto di accesso, ecc.<\/p>\n<h4>4. LEGGE APPLICABILE E GIURISDIZIONE<\/h4>\n<p>Per la risoluzione di tutte le controversie o questioni relative al presente sito web o alle attivit\u00e0 in esso svolte, si applicher\u00e0 la legislazione spagnola, alla quale le parti si sottomettono espressamente, e le Corti e i Tribunali del domicilio dell&#8217;UTENTE o del luogo di adempimento dell&#8217;obbligo saranno competenti per la risoluzione di tutte le controversie derivanti da o relative al suo utilizzo.[\/vc_column_text][\/vc_column][\/vc_row]\n","protected":false},"excerpt":{"rendered":"<p>[vc_row type=&#8221;in_container&#8221; full_screen_row_position=&#8221;middle&#8221; column_margin=&#8221;default&#8221; column_direction=&#8221;default&#8221; column_direction_tablet=&#8221;default&#8221; column_direction_phone=&#8221;default&#8221; scene_position=&#8221;center&#8221; top_padding=&#8221;6%&#8221; bottom_padding=&#8221;3%&#8221; text_color=&#8221;dark&#8221; text_align=&#8221;left&#8221; row_border_radius=&#8221;none&#8221; row_border_radius_applies=&#8221;bg&#8221; overflow=&#8221;visible&#8221; advanced_gradient_angle=&#8221;0&#8243; overlay_strength=&#8221;0.3&#8243; gradient_direction=&#8221;left_to_right&#8221; shape_divider_position=&#8221;bottom&#8221; bg_image_animation=&#8221;none&#8221; gradient_type=&#8221;default&#8221; shape_type=&#8221;&#8221;][vc_column column_padding=&#8221;no-extra-padding&#8221; column_padding_tablet=&#8221;inherit&#8221; column_padding_phone=&#8221;inherit&#8221; column_padding_position=&#8221;all&#8221; column_element_direction_desktop=&#8221;default&#8221; column_element_spacing=&#8221;default&#8221; desktop_text_alignment=&#8221;default&#8221; tablet_text_alignment=&#8221;default&#8221;&#8230;<\/p>\n","protected":false},"author":1,"featured_media":0,"parent":0,"menu_order":0,"comment_status":"closed","ping_status":"closed","template":"","meta":{"_monsterinsights_skip_tracking":false,"_monsterinsights_sitenote_active":false,"_monsterinsights_sitenote_note":"","_monsterinsights_sitenote_category":0,"_joinchat":[],"footnotes":""},"class_list":["post-1212","page","type-page","status-publish"],"yoast_head":"<!-- This site is optimized with the Yoast SEO plugin v27.3 - https:\/\/yoast.com\/product\/yoast-seo-wordpress\/ -->\n<title>Avviso legale - Lora Galeva - Personal Shopper immobiliare<\/title>\n<meta name=\"description\" content=\"Nota legale del sito logaleva.com di propriet\u00e0 di Lora Galeva, Personal Shopper Inmobiliario. Siamo conformi alle normative vigenti.\" \/>\n<meta name=\"robots\" content=\"index, follow, max-snippet:-1, max-image-preview:large, max-video-preview:-1\" \/>\n<link rel=\"canonical\" href=\"https:\/\/loragaleva.com\/it\/avviso-legale\/\" \/>\n<meta property=\"og:locale\" content=\"it_IT\" \/>\n<meta property=\"og:type\" content=\"article\" \/>\n<meta property=\"og:title\" content=\"Avviso legale - Lora Galeva - Personal Shopper immobiliare\" \/>\n<meta property=\"og:description\" content=\"Nota legale del sito logaleva.com di propriet\u00e0 di Lora Galeva, Personal Shopper Inmobiliario. Siamo conformi alle normative vigenti.\" \/>\n<meta property=\"og:url\" content=\"https:\/\/loragaleva.com\/it\/avviso-legale\/\" \/>\n<meta property=\"og:site_name\" content=\"Lora Galeva\" \/>\n<meta property=\"article:publisher\" content=\"https:\/\/www.facebook.com\/lora.galeva\" \/>\n<meta name=\"twitter:card\" content=\"summary_large_image\" \/>\n<meta name=\"twitter:site\" content=\"@loragaleva\" \/>\n<meta name=\"twitter:label1\" content=\"Tempo di lettura stimato\" \/>\n\t<meta name=\"twitter:data1\" content=\"7 minuti\" \/>\n<script type=\"application\/ld+json\" class=\"yoast-schema-graph\">{\"@context\":\"https:\\\/\\\/schema.org\",\"@graph\":[{\"@type\":\"WebPage\",\"@id\":\"https:\\\/\\\/loragaleva.com\\\/it\\\/avviso-legale\\\/\",\"url\":\"https:\\\/\\\/loragaleva.com\\\/it\\\/avviso-legale\\\/\",\"name\":\"Avviso legale - Lora Galeva - Personal Shopper immobiliare\",\"isPartOf\":{\"@id\":\"https:\\\/\\\/loragaleva.com\\\/it\\\/#website\"},\"datePublished\":\"2025-04-08T04:32:51+00:00\",\"description\":\"Nota legale del sito logaleva.com di propriet\u00e0 di Lora Galeva, Personal Shopper Inmobiliario. Siamo conformi alle normative vigenti.\",\"breadcrumb\":{\"@id\":\"https:\\\/\\\/loragaleva.com\\\/it\\\/avviso-legale\\\/#breadcrumb\"},\"inLanguage\":\"it-IT\",\"potentialAction\":[{\"@type\":\"ReadAction\",\"target\":[\"https:\\\/\\\/loragaleva.com\\\/it\\\/avviso-legale\\\/\"]}]},{\"@type\":\"BreadcrumbList\",\"@id\":\"https:\\\/\\\/loragaleva.com\\\/it\\\/avviso-legale\\\/#breadcrumb\",\"itemListElement\":[{\"@type\":\"ListItem\",\"position\":1,\"name\":\"Portada\",\"item\":\"https:\\\/\\\/loragaleva.com\\\/it\\\/\"},{\"@type\":\"ListItem\",\"position\":2,\"name\":\"Avviso legale\"}]},{\"@type\":\"WebSite\",\"@id\":\"https:\\\/\\\/loragaleva.com\\\/it\\\/#website\",\"url\":\"https:\\\/\\\/loragaleva.com\\\/it\\\/\",\"name\":\"Lora Galeva\",\"description\":\"Personal Shopper Inmobiliario\",\"publisher\":{\"@id\":\"https:\\\/\\\/loragaleva.com\\\/it\\\/#organization\"},\"potentialAction\":[{\"@type\":\"SearchAction\",\"target\":{\"@type\":\"EntryPoint\",\"urlTemplate\":\"https:\\\/\\\/loragaleva.com\\\/it\\\/?s={search_term_string}\"},\"query-input\":{\"@type\":\"PropertyValueSpecification\",\"valueRequired\":true,\"valueName\":\"search_term_string\"}}],\"inLanguage\":\"it-IT\"},{\"@type\":\"Organization\",\"@id\":\"https:\\\/\\\/loragaleva.com\\\/it\\\/#organization\",\"name\":\"Lora Galeva\",\"url\":\"https:\\\/\\\/loragaleva.com\\\/it\\\/\",\"logo\":{\"@type\":\"ImageObject\",\"inLanguage\":\"it-IT\",\"@id\":\"https:\\\/\\\/loragaleva.com\\\/it\\\/#\\\/schema\\\/logo\\\/image\\\/\",\"url\":\"https:\\\/\\\/loragaleva.com\\\/wp-content\\\/uploads\\\/logo-lora-galeva-n-400px.png\",\"contentUrl\":\"https:\\\/\\\/loragaleva.com\\\/wp-content\\\/uploads\\\/logo-lora-galeva-n-400px.png\",\"width\":400,\"height\":175,\"caption\":\"Lora Galeva\"},\"image\":{\"@id\":\"https:\\\/\\\/loragaleva.com\\\/it\\\/#\\\/schema\\\/logo\\\/image\\\/\"},\"sameAs\":[\"https:\\\/\\\/www.facebook.com\\\/lora.galeva\",\"https:\\\/\\\/x.com\\\/loragaleva\",\"https:\\\/\\\/www.instagram.com\\\/loragaleva\\\/\",\"https:\\\/\\\/www.linkedin.com\\\/in\\\/lora-galeva-437a71b7\",\"https:\\\/\\\/www.youtube.com\\\/channel\\\/UC-ucURZJq6vCF1VhWIPqM8A\"]}]}<\/script>\n<!-- \/ Yoast SEO plugin. -->","yoast_head_json":{"title":"Avviso legale - Lora Galeva - Personal Shopper immobiliare","description":"Nota legale del sito logaleva.com di propriet\u00e0 di Lora Galeva, Personal Shopper Inmobiliario. Siamo conformi alle normative vigenti.","robots":{"index":"index","follow":"follow","max-snippet":"max-snippet:-1","max-image-preview":"max-image-preview:large","max-video-preview":"max-video-preview:-1"},"canonical":"https:\/\/loragaleva.com\/it\/avviso-legale\/","og_locale":"it_IT","og_type":"article","og_title":"Avviso legale - Lora Galeva - Personal Shopper immobiliare","og_description":"Nota legale del sito logaleva.com di propriet\u00e0 di Lora Galeva, Personal Shopper Inmobiliario. Siamo conformi alle normative vigenti.","og_url":"https:\/\/loragaleva.com\/it\/avviso-legale\/","og_site_name":"Lora Galeva","article_publisher":"https:\/\/www.facebook.com\/lora.galeva","twitter_card":"summary_large_image","twitter_site":"@loragaleva","twitter_misc":{"Tempo di lettura stimato":"7 minuti"},"schema":{"@context":"https:\/\/schema.org","@graph":[{"@type":"WebPage","@id":"https:\/\/loragaleva.com\/it\/avviso-legale\/","url":"https:\/\/loragaleva.com\/it\/avviso-legale\/","name":"Avviso legale - Lora Galeva - Personal Shopper immobiliare","isPartOf":{"@id":"https:\/\/loragaleva.com\/it\/#website"},"datePublished":"2025-04-08T04:32:51+00:00","description":"Nota legale del sito logaleva.com di propriet\u00e0 di Lora Galeva, Personal Shopper Inmobiliario. Siamo conformi alle normative vigenti.","breadcrumb":{"@id":"https:\/\/loragaleva.com\/it\/avviso-legale\/#breadcrumb"},"inLanguage":"it-IT","potentialAction":[{"@type":"ReadAction","target":["https:\/\/loragaleva.com\/it\/avviso-legale\/"]}]},{"@type":"BreadcrumbList","@id":"https:\/\/loragaleva.com\/it\/avviso-legale\/#breadcrumb","itemListElement":[{"@type":"ListItem","position":1,"name":"Portada","item":"https:\/\/loragaleva.com\/it\/"},{"@type":"ListItem","position":2,"name":"Avviso legale"}]},{"@type":"WebSite","@id":"https:\/\/loragaleva.com\/it\/#website","url":"https:\/\/loragaleva.com\/it\/","name":"Lora Galeva","description":"Personal Shopper Inmobiliario","publisher":{"@id":"https:\/\/loragaleva.com\/it\/#organization"},"potentialAction":[{"@type":"SearchAction","target":{"@type":"EntryPoint","urlTemplate":"https:\/\/loragaleva.com\/it\/?s={search_term_string}"},"query-input":{"@type":"PropertyValueSpecification","valueRequired":true,"valueName":"search_term_string"}}],"inLanguage":"it-IT"},{"@type":"Organization","@id":"https:\/\/loragaleva.com\/it\/#organization","name":"Lora Galeva","url":"https:\/\/loragaleva.com\/it\/","logo":{"@type":"ImageObject","inLanguage":"it-IT","@id":"https:\/\/loragaleva.com\/it\/#\/schema\/logo\/image\/","url":"https:\/\/loragaleva.com\/wp-content\/uploads\/logo-lora-galeva-n-400px.png","contentUrl":"https:\/\/loragaleva.com\/wp-content\/uploads\/logo-lora-galeva-n-400px.png","width":400,"height":175,"caption":"Lora Galeva"},"image":{"@id":"https:\/\/loragaleva.com\/it\/#\/schema\/logo\/image\/"},"sameAs":["https:\/\/www.facebook.com\/lora.galeva","https:\/\/x.com\/loragaleva","https:\/\/www.instagram.com\/loragaleva\/","https:\/\/www.linkedin.com\/in\/lora-galeva-437a71b7","https:\/\/www.youtube.com\/channel\/UC-ucURZJq6vCF1VhWIPqM8A"]}]}},"_links":{"self":[{"href":"https:\/\/loragaleva.com\/it\/wp-json\/wp\/v2\/pages\/1212","targetHints":{"allow":["GET"]}}],"collection":[{"href":"https:\/\/loragaleva.com\/it\/wp-json\/wp\/v2\/pages"}],"about":[{"href":"https:\/\/loragaleva.com\/it\/wp-json\/wp\/v2\/types\/page"}],"author":[{"embeddable":true,"href":"https:\/\/loragaleva.com\/it\/wp-json\/wp\/v2\/users\/1"}],"replies":[{"embeddable":true,"href":"https:\/\/loragaleva.com\/it\/wp-json\/wp\/v2\/comments?post=1212"}],"version-history":[{"count":2,"href":"https:\/\/loragaleva.com\/it\/wp-json\/wp\/v2\/pages\/1212\/revisions"}],"predecessor-version":[{"id":1214,"href":"https:\/\/loragaleva.com\/it\/wp-json\/wp\/v2\/pages\/1212\/revisions\/1214"}],"wp:attachment":[{"href":"https:\/\/loragaleva.com\/it\/wp-json\/wp\/v2\/media?parent=1212"}],"curies":[{"name":"wp","href":"https:\/\/api.w.org\/{rel}","templated":true}]}}