

{"id":1315,"date":"2025-04-08T06:01:18","date_gmt":"2025-04-08T06:01:18","guid":{"rendered":"https:\/\/loragaleva.com\/informativa-sulla-privacy-dei-social-media\/"},"modified":"2025-04-08T06:01:19","modified_gmt":"2025-04-08T06:01:19","slug":"informativa-sulla-privacy-dei-social-media","status":"publish","type":"page","link":"https:\/\/loragaleva.com\/it\/informativa-sulla-privacy-dei-social-media\/","title":{"rendered":"Informativa sulla privacy dei social media"},"content":{"rendered":"[vc_row type=&#8221;in_container&#8221; full_screen_row_position=&#8221;middle&#8221; column_margin=&#8221;default&#8221; column_direction=&#8221;default&#8221; column_direction_tablet=&#8221;default&#8221; column_direction_phone=&#8221;default&#8221; scene_position=&#8221;center&#8221; top_padding=&#8221;6%&#8221; bottom_padding=&#8221;3%&#8221; text_color=&#8221;dark&#8221; text_align=&#8221;left&#8221; row_border_radius=&#8221;none&#8221; row_border_radius_applies=&#8221;bg&#8221; overflow=&#8221;visible&#8221; advanced_gradient_angle=&#8221;0&#8243; overlay_strength=&#8221;0.3&#8243; gradient_direction=&#8221;left_to_right&#8221; shape_divider_position=&#8221;bottom&#8221; bg_image_animation=&#8221;none&#8221; gradient_type=&#8221;default&#8221; shape_type=&#8221;&#8221;][vc_column column_padding=&#8221;no-extra-padding&#8221; column_padding_tablet=&#8221;inherit&#8221; column_padding_phone=&#8221;inherit&#8221; column_padding_position=&#8221;all&#8221; column_element_direction_desktop=&#8221;default&#8221; column_element_spacing=&#8221;default&#8221; desktop_text_alignment=&#8221;default&#8221; tablet_text_alignment=&#8221;default&#8221; phone_text_alignment=&#8221;default&#8221; background_color_opacity=&#8221;1&#8243; background_hover_color_opacity=&#8221;1&#8243; column_backdrop_filter=&#8221;none&#8221; column_shadow=&#8221;none&#8221; column_border_radius=&#8221;none&#8221; column_link_target=&#8221;_self&#8221; column_position=&#8221;default&#8221; gradient_direction=&#8221;left_to_right&#8221; overlay_strength=&#8221;0.3&#8243; width=&#8221;1\/1&#8243; tablet_width_inherit=&#8221;default&#8221; animation_type=&#8221;default&#8221; bg_image_animation=&#8221;none&#8221; border_type=&#8221;simple&#8221; column_border_width=&#8221;none&#8221; column_border_style=&#8221;solid&#8221;][vc_column_text]\n<h1>Informativa sulla privacy dei social media<\/h1>\n[\/vc_column_text][divider line_type=&#8221;Small Line&#8221; line_alignment=&#8221;default&#8221; line_thickness=&#8221;2&#8243; divider_color=&#8221;extra-color-gradient-1&#8243;][vc_column_text]\n<h3>Informazioni sull&#8217;utente<\/h3>\n<p>Chi \u00e8 responsabile del trattamento dei tuoi dati personali?<\/p>\n<p>LORA GUEORGUIEVA GALEVA, di seguito, RESPONSABILE, informa l&#8217;UTENTE che ha proceduto alla creazione di un profilo sui Social Network Facebook, Instagram, Twitter, LinkedIn, Youtube, Vimeo e Google+, che \u00e8 responsabile del trattamento dei dati personali dell&#8217;UTENTE effettuato su detti social network e informa l&#8217;UTENTE che tali dati saranno trattati in conformit\u00e0 alle disposizioni del Regolamento (UE) 2016\/679, del 27 aprile (GDPR), e della Legge Organica 3\/2018, del 5 dicembre (LOPDGDD), per cui si forniscono all&#8217;UTENTE le seguenti informazioni sul trattamento:<\/p>\n<p>Per quale motivo trattiamo i tuoi dati personali?<\/p>\n<p>Finalit\u00e0 del trattamento: mantenere un rapporto tra l&#8217;UTENTE e il RESPONSABILE che pu\u00f2 includere le seguenti operazioni:<\/p>\n<ul>\n<li>Gestire le richieste e le domande sottoposte al responsabile<\/li>\n<li>Per informare sulle attivit\u00e0 e gli eventi organizzati dal responsabile.<\/li>\n<li>Informare sui prodotti o sui servizi offerti dalla parte responsabile<\/li>\n<li>Interagisci attraverso i profili ufficiali<\/li>\n<\/ul>\n<p>Perch\u00e9 possiamo trattare i tuoi dati personali?<\/p>\n<p>Base giuridica del trattamento: Articolo 6(1)(a) GDPR, l&#8217;interessato ha acconsentito al trattamento dei suoi dati personali per una o pi\u00f9 finalit\u00e0 specifiche. L&#8217;UTENTE ha un profilo sullo stesso social network e ha deciso di iscriversi al social network del RESPONSABILE mostrando interesse per le informazioni ivi pubblicate, pertanto, al momento della richiesta di seguire i nostri profili ufficiali, presta il suo consenso al trattamento dei dati personali pubblicati sul suo profilo. <\/p>\n<p>L&#8217;UTENTE pu\u00f2 in qualsiasi momento accedere alle politiche sulla privacy del social network stesso, nonch\u00e9 configurare il proprio profilo per garantire la propria privacy.<\/p>\n<p>Il RESPONSABILE ha accesso ed elabora le informazioni pubbliche dell&#8217;UTENTE, in particolare il nome di contatto dell&#8217;UTENTE. Questi dati vengono utilizzati solo all&#8217;interno del social network stesso e saranno incorporati in un file del RESPONSABILE solo quando \u00e8 necessario per elaborare la richiesta dell&#8217;UTENTE. <\/p>\n<p>Per quanto tempo conserveremo i tuoi dati personali?<\/p>\n<p>Criteri di conservazione dei dati: i dati saranno conservati fino a quando l&#8217;UTENTE non revocher\u00e0 il consenso dato come indicato nella presente informativa sulla privacy.<\/p>\n<p>A chi forniamo i tuoi dati personali?<\/p>\n<p>Comunicazione dei dati: le informazioni fornite dall&#8217;UTENTE attraverso i social network del RESPONSABILE, compresi i suoi dati personali, possono essere pubblicate, sempre a seconda dei servizi che l&#8217;UTENTE utilizza, e possono quindi essere pubblicamente disponibili ad altri utenti terzi dei social network. Dal profilo di ciascun social network, l&#8217;UTENTE pu\u00f2 configurare quali informazioni desidera rendere pubbliche in ciascun caso, vedere le autorizzazioni concesse, eliminarle o disattivarle, come ad esempio qualsiasi applicazione di terze parti che non desidera pi\u00f9 utilizzare. <\/p>\n<p>Non \u00e8 prevista la comunicazione dei dati personali a terzi al di fuori del social network ad eccezione, qualora sia indispensabile per lo sviluppo e l&#8217;esecuzione delle finalit\u00e0 del trattamento, dei nostri fornitori di servizi relativi alle comunicazioni, con i quali il RESPONSABILE ha sottoscritto i contratti di riservatezza e di trattamento dei dati richiesti dalla vigente normativa sulla privacy.<\/p>\n<p>Quali sono i tuoi diritti?<\/p>\n<p>Diritti dell&#8217;UTENTE: possono essere esercitati solo in relazione alle informazioni che sono sotto il controllo del RESPONSABILE.<\/p>\n<ul>\n<li>Diritto di ritirare il consenso in qualsiasi momento<\/li>\n<li>Diritto di accesso, rettifica, portabilit\u00e0 e cancellazione dei tuoi dati e diritto di limitare o opporsi al loro trattamento.<\/li>\n<li>Il diritto di proporre reclamo all&#8217;autorit\u00e0 di controllo (www.aepd.es) qualora ritenga che il trattamento non sia conforme alla normativa vigente.<\/li>\n<\/ul>\n<p>Contatti per esercitare i tuoi diritti:<\/p>\n<p>LORA GUEORGUIEVA GALEVA. C\/ N\u00fa\u00f1ez de Balboa, 46, 1 B, &#8211; 28001 Madrid (Madrid). E-mail: hello@loragaleva.com  <\/p>\n<h3>Utilizzo del profilo<\/h3>\n<p>Il RESPONSABILE eseguir\u00e0 le seguenti azioni:<\/p>\n<ul>\n<li>Accesso alle informazioni del profilo pubblico<\/li>\n<li>Pubblicazione sul profilo dell&#8217;UTENTE di tutte le informazioni gi\u00e0 pubblicate sul social network del RESPONSABILE.<\/li>\n<li>Invia messaggi personali e personalizzati attraverso i canali dei social network.<\/li>\n<li>Aggiornamenti sullo stato della pagina da pubblicare sul profilo dell&#8217;UTENTE<\/li>\n<\/ul>\n<p>L&#8217;UTENTE pu\u00f2 sempre controllare le proprie connessioni, cancellare i contenuti che non gli interessano pi\u00f9 e limitare le persone con cui condividere le proprie connessioni accedendo alle impostazioni sulla privacy.<\/p>\n<h3>Pubblicazioni<\/h3>\n<p>L&#8217;UTENTE, una volta diventato follower o iscritto al social network di RESPONSABILIT\u00c0, pu\u00f2 pubblicare commenti, link, immagini, fotografie o qualsiasi altro tipo di contenuto multimediale supportato dallo stesso. L&#8217;UTENTE, in ogni caso, deve essere il proprietario del contenuto pubblicato, detenere i diritti d&#8217;autore e di propriet\u00e0 intellettuale o avere il consenso dei terzi interessati. <\/p>\n<p>\u00c8 espressamente vietata la pubblicazione sul social network di testi, grafici, fotografie, video, ecc. che violino o possano violare la morale, l&#8217;etica, il buon gusto o il decoro, e\/o che infrangano, violino o violino i diritti di propriet\u00e0 intellettuale o industriale, il diritto all&#8217;immagine o la legge.<\/p>\n<p>In questi casi, il RESPONSABILE si riserva il diritto di rimuovere immediatamente il contenuto, senza preavviso, e pu\u00f2 richiedere il blocco permanente dell&#8217;UTENTE.<\/p>\n<p>Il RESPONSABILE non \u00e8 responsabile dei contenuti pubblicati liberamente da un UTENTE.<\/p>\n<p>Il RESPONSABILE non \u00e8 responsabile dei contenuti pubblicati liberamente da un UTENTE.<\/p>\n<p>L&#8217;UTENTE deve tenere presente che le sue pubblicazioni saranno conosciute da altri utenti, quindi \u00e8 lui stesso il principale responsabile della sua privacy.<\/p>\n<p>Le immagini eventualmente pubblicate sul social network non saranno archiviate in alcun file dal RESPONSABILE, ma rimarranno sul social network.<\/p>\n<h3>Dati di minori o di persone con particolari abilit\u00e0<\/h3>\n<p>L&#8217;accesso e la registrazione attraverso i social network di RESPONSABILIT\u00c0 sono vietati ai minori di 18 anni. Se l&#8217;UTENTE ha capacit\u00e0 particolari, sar\u00e0 necessario l&#8217;intervento del titolare della patria potest\u00e0 o della tutela, o del suo rappresentante legale tramite un documento valido che ne attesti la rappresentanza. <\/p>\n<p>Il RESPONSABILE \u00e8 espressamente esonerato da qualsiasi responsabilit\u00e0 che possa derivare dall&#8217;uso dei social network da parte di minori o persone con particolari abilit\u00e0. I social network del RESPONSABILE non raccolgono consapevolmente informazioni personali di minori, pertanto, se l&#8217;UTENTE \u00e8 minorenne, non deve registrarsi, utilizzare i social network del RESPONSABILE o fornire informazioni personali. <\/p>\n<p>&nbsp;[\/vc_column_text][\/vc_column][\/vc_row]\n","protected":false},"excerpt":{"rendered":"<p>[vc_row type=&#8221;in_container&#8221; full_screen_row_position=&#8221;middle&#8221; column_margin=&#8221;default&#8221; column_direction=&#8221;default&#8221; column_direction_tablet=&#8221;default&#8221; column_direction_phone=&#8221;default&#8221; scene_position=&#8221;center&#8221; top_padding=&#8221;6%&#8221; bottom_padding=&#8221;3%&#8221; text_color=&#8221;dark&#8221; text_align=&#8221;left&#8221; row_border_radius=&#8221;none&#8221; row_border_radius_applies=&#8221;bg&#8221; overflow=&#8221;visible&#8221; advanced_gradient_angle=&#8221;0&#8243; overlay_strength=&#8221;0.3&#8243; gradient_direction=&#8221;left_to_right&#8221; shape_divider_position=&#8221;bottom&#8221; bg_image_animation=&#8221;none&#8221; gradient_type=&#8221;default&#8221; shape_type=&#8221;&#8221;][vc_column column_padding=&#8221;no-extra-padding&#8221; column_padding_tablet=&#8221;inherit&#8221; column_padding_phone=&#8221;inherit&#8221; column_padding_position=&#8221;all&#8221; column_element_direction_desktop=&#8221;default&#8221; column_element_spacing=&#8221;default&#8221; desktop_text_alignment=&#8221;default&#8221; tablet_text_alignment=&#8221;default&#8221;&#8230;<\/p>\n","protected":false},"author":1,"featured_media":0,"parent":0,"menu_order":0,"comment_status":"closed","ping_status":"closed","template":"","meta":{"_monsterinsights_skip_tracking":false,"_monsterinsights_sitenote_active":false,"_monsterinsights_sitenote_note":"","_monsterinsights_sitenote_category":0,"_joinchat":[],"footnotes":""},"class_list":["post-1315","page","type-page","status-publish"],"yoast_head":"<!-- This site is optimized with the Yoast SEO plugin v27.3 - https:\/\/yoast.com\/product\/yoast-seo-wordpress\/ -->\n<title>Informativa sulla privacy dei social media - Lora Galeva<\/title>\n<meta name=\"description\" content=\"Informativa sulla privacy nei social network sul sito web di Lora Galeva, Personal Shopper immobiliare nella Comunit\u00e0 di Madrid.\" \/>\n<meta name=\"robots\" content=\"index, follow, max-snippet:-1, max-image-preview:large, max-video-preview:-1\" \/>\n<link rel=\"canonical\" href=\"https:\/\/loragaleva.com\/it\/informativa-sulla-privacy-dei-social-media\/\" \/>\n<meta property=\"og:locale\" content=\"it_IT\" \/>\n<meta property=\"og:type\" content=\"article\" \/>\n<meta property=\"og:title\" content=\"Informativa sulla privacy dei social media - Lora Galeva\" \/>\n<meta property=\"og:description\" content=\"Informativa sulla privacy nei social network sul sito web di Lora Galeva, Personal Shopper immobiliare nella Comunit\u00e0 di Madrid.\" \/>\n<meta property=\"og:url\" content=\"https:\/\/loragaleva.com\/it\/informativa-sulla-privacy-dei-social-media\/\" \/>\n<meta property=\"og:site_name\" content=\"Lora Galeva\" \/>\n<meta property=\"article:publisher\" content=\"https:\/\/www.facebook.com\/lora.galeva\" \/>\n<meta property=\"article:modified_time\" content=\"2025-04-08T06:01:19+00:00\" \/>\n<meta name=\"twitter:card\" content=\"summary_large_image\" \/>\n<meta name=\"twitter:site\" content=\"@loragaleva\" \/>\n<meta name=\"twitter:label1\" content=\"Tempo di lettura stimato\" \/>\n\t<meta name=\"twitter:data1\" content=\"6 minuti\" \/>\n<script type=\"application\/ld+json\" class=\"yoast-schema-graph\">{\"@context\":\"https:\\\/\\\/schema.org\",\"@graph\":[{\"@type\":\"WebPage\",\"@id\":\"https:\\\/\\\/loragaleva.com\\\/it\\\/informativa-sulla-privacy-dei-social-media\\\/\",\"url\":\"https:\\\/\\\/loragaleva.com\\\/it\\\/informativa-sulla-privacy-dei-social-media\\\/\",\"name\":\"Informativa sulla privacy dei social media - Lora Galeva\",\"isPartOf\":{\"@id\":\"https:\\\/\\\/loragaleva.com\\\/it\\\/#website\"},\"datePublished\":\"2025-04-08T06:01:18+00:00\",\"dateModified\":\"2025-04-08T06:01:19+00:00\",\"description\":\"Informativa sulla privacy nei social network sul sito web di Lora Galeva, Personal Shopper immobiliare nella Comunit\u00e0 di Madrid.\",\"breadcrumb\":{\"@id\":\"https:\\\/\\\/loragaleva.com\\\/it\\\/informativa-sulla-privacy-dei-social-media\\\/#breadcrumb\"},\"inLanguage\":\"it-IT\",\"potentialAction\":[{\"@type\":\"ReadAction\",\"target\":[\"https:\\\/\\\/loragaleva.com\\\/it\\\/informativa-sulla-privacy-dei-social-media\\\/\"]}]},{\"@type\":\"BreadcrumbList\",\"@id\":\"https:\\\/\\\/loragaleva.com\\\/it\\\/informativa-sulla-privacy-dei-social-media\\\/#breadcrumb\",\"itemListElement\":[{\"@type\":\"ListItem\",\"position\":1,\"name\":\"Portada\",\"item\":\"https:\\\/\\\/loragaleva.com\\\/it\\\/\"},{\"@type\":\"ListItem\",\"position\":2,\"name\":\"Informativa sulla privacy dei social media\"}]},{\"@type\":\"WebSite\",\"@id\":\"https:\\\/\\\/loragaleva.com\\\/it\\\/#website\",\"url\":\"https:\\\/\\\/loragaleva.com\\\/it\\\/\",\"name\":\"Lora Galeva\",\"description\":\"Personal Shopper Inmobiliario\",\"publisher\":{\"@id\":\"https:\\\/\\\/loragaleva.com\\\/it\\\/#organization\"},\"potentialAction\":[{\"@type\":\"SearchAction\",\"target\":{\"@type\":\"EntryPoint\",\"urlTemplate\":\"https:\\\/\\\/loragaleva.com\\\/it\\\/?s={search_term_string}\"},\"query-input\":{\"@type\":\"PropertyValueSpecification\",\"valueRequired\":true,\"valueName\":\"search_term_string\"}}],\"inLanguage\":\"it-IT\"},{\"@type\":\"Organization\",\"@id\":\"https:\\\/\\\/loragaleva.com\\\/it\\\/#organization\",\"name\":\"Lora Galeva\",\"url\":\"https:\\\/\\\/loragaleva.com\\\/it\\\/\",\"logo\":{\"@type\":\"ImageObject\",\"inLanguage\":\"it-IT\",\"@id\":\"https:\\\/\\\/loragaleva.com\\\/it\\\/#\\\/schema\\\/logo\\\/image\\\/\",\"url\":\"https:\\\/\\\/loragaleva.com\\\/wp-content\\\/uploads\\\/logo-lora-galeva-n-400px.png\",\"contentUrl\":\"https:\\\/\\\/loragaleva.com\\\/wp-content\\\/uploads\\\/logo-lora-galeva-n-400px.png\",\"width\":400,\"height\":175,\"caption\":\"Lora Galeva\"},\"image\":{\"@id\":\"https:\\\/\\\/loragaleva.com\\\/it\\\/#\\\/schema\\\/logo\\\/image\\\/\"},\"sameAs\":[\"https:\\\/\\\/www.facebook.com\\\/lora.galeva\",\"https:\\\/\\\/x.com\\\/loragaleva\",\"https:\\\/\\\/www.instagram.com\\\/loragaleva\\\/\",\"https:\\\/\\\/www.linkedin.com\\\/in\\\/lora-galeva-437a71b7\",\"https:\\\/\\\/www.youtube.com\\\/channel\\\/UC-ucURZJq6vCF1VhWIPqM8A\"]}]}<\/script>\n<!-- \/ Yoast SEO plugin. -->","yoast_head_json":{"title":"Informativa sulla privacy dei social media - Lora Galeva","description":"Informativa sulla privacy nei social network sul sito web di Lora Galeva, Personal Shopper immobiliare nella Comunit\u00e0 di Madrid.","robots":{"index":"index","follow":"follow","max-snippet":"max-snippet:-1","max-image-preview":"max-image-preview:large","max-video-preview":"max-video-preview:-1"},"canonical":"https:\/\/loragaleva.com\/it\/informativa-sulla-privacy-dei-social-media\/","og_locale":"it_IT","og_type":"article","og_title":"Informativa sulla privacy dei social media - Lora Galeva","og_description":"Informativa sulla privacy nei social network sul sito web di Lora Galeva, Personal Shopper immobiliare nella Comunit\u00e0 di Madrid.","og_url":"https:\/\/loragaleva.com\/it\/informativa-sulla-privacy-dei-social-media\/","og_site_name":"Lora Galeva","article_publisher":"https:\/\/www.facebook.com\/lora.galeva","article_modified_time":"2025-04-08T06:01:19+00:00","twitter_card":"summary_large_image","twitter_site":"@loragaleva","twitter_misc":{"Tempo di lettura stimato":"6 minuti"},"schema":{"@context":"https:\/\/schema.org","@graph":[{"@type":"WebPage","@id":"https:\/\/loragaleva.com\/it\/informativa-sulla-privacy-dei-social-media\/","url":"https:\/\/loragaleva.com\/it\/informativa-sulla-privacy-dei-social-media\/","name":"Informativa sulla privacy dei social media - Lora Galeva","isPartOf":{"@id":"https:\/\/loragaleva.com\/it\/#website"},"datePublished":"2025-04-08T06:01:18+00:00","dateModified":"2025-04-08T06:01:19+00:00","description":"Informativa sulla privacy nei social network sul sito web di Lora Galeva, Personal Shopper immobiliare nella Comunit\u00e0 di Madrid.","breadcrumb":{"@id":"https:\/\/loragaleva.com\/it\/informativa-sulla-privacy-dei-social-media\/#breadcrumb"},"inLanguage":"it-IT","potentialAction":[{"@type":"ReadAction","target":["https:\/\/loragaleva.com\/it\/informativa-sulla-privacy-dei-social-media\/"]}]},{"@type":"BreadcrumbList","@id":"https:\/\/loragaleva.com\/it\/informativa-sulla-privacy-dei-social-media\/#breadcrumb","itemListElement":[{"@type":"ListItem","position":1,"name":"Portada","item":"https:\/\/loragaleva.com\/it\/"},{"@type":"ListItem","position":2,"name":"Informativa sulla privacy dei social media"}]},{"@type":"WebSite","@id":"https:\/\/loragaleva.com\/it\/#website","url":"https:\/\/loragaleva.com\/it\/","name":"Lora Galeva","description":"Personal Shopper Inmobiliario","publisher":{"@id":"https:\/\/loragaleva.com\/it\/#organization"},"potentialAction":[{"@type":"SearchAction","target":{"@type":"EntryPoint","urlTemplate":"https:\/\/loragaleva.com\/it\/?s={search_term_string}"},"query-input":{"@type":"PropertyValueSpecification","valueRequired":true,"valueName":"search_term_string"}}],"inLanguage":"it-IT"},{"@type":"Organization","@id":"https:\/\/loragaleva.com\/it\/#organization","name":"Lora Galeva","url":"https:\/\/loragaleva.com\/it\/","logo":{"@type":"ImageObject","inLanguage":"it-IT","@id":"https:\/\/loragaleva.com\/it\/#\/schema\/logo\/image\/","url":"https:\/\/loragaleva.com\/wp-content\/uploads\/logo-lora-galeva-n-400px.png","contentUrl":"https:\/\/loragaleva.com\/wp-content\/uploads\/logo-lora-galeva-n-400px.png","width":400,"height":175,"caption":"Lora Galeva"},"image":{"@id":"https:\/\/loragaleva.com\/it\/#\/schema\/logo\/image\/"},"sameAs":["https:\/\/www.facebook.com\/lora.galeva","https:\/\/x.com\/loragaleva","https:\/\/www.instagram.com\/loragaleva\/","https:\/\/www.linkedin.com\/in\/lora-galeva-437a71b7","https:\/\/www.youtube.com\/channel\/UC-ucURZJq6vCF1VhWIPqM8A"]}]}},"_links":{"self":[{"href":"https:\/\/loragaleva.com\/it\/wp-json\/wp\/v2\/pages\/1315","targetHints":{"allow":["GET"]}}],"collection":[{"href":"https:\/\/loragaleva.com\/it\/wp-json\/wp\/v2\/pages"}],"about":[{"href":"https:\/\/loragaleva.com\/it\/wp-json\/wp\/v2\/types\/page"}],"author":[{"embeddable":true,"href":"https:\/\/loragaleva.com\/it\/wp-json\/wp\/v2\/users\/1"}],"replies":[{"embeddable":true,"href":"https:\/\/loragaleva.com\/it\/wp-json\/wp\/v2\/comments?post=1315"}],"version-history":[{"count":1,"href":"https:\/\/loragaleva.com\/it\/wp-json\/wp\/v2\/pages\/1315\/revisions"}],"predecessor-version":[{"id":1316,"href":"https:\/\/loragaleva.com\/it\/wp-json\/wp\/v2\/pages\/1315\/revisions\/1316"}],"wp:attachment":[{"href":"https:\/\/loragaleva.com\/it\/wp-json\/wp\/v2\/media?parent=1315"}],"curies":[{"name":"wp","href":"https:\/\/api.w.org\/{rel}","templated":true}]}}